{"id":1726,"date":"2023-08-30T07:10:11","date_gmt":"2023-08-30T07:10:11","guid":{"rendered":"https:\/\/drenkrom.com\/?page_id=1726"},"modified":"2026-03-12T20:30:40","modified_gmt":"2026-03-12T18:30:40","slug":"stories-events","status":"publish","type":"page","link":"https:\/\/drenkrom.com\/?page_id=1726","title":{"rendered":"Stories &#038; Events"},"content":{"rendered":"\t\t<div data-elementor-type=\"wp-page\" data-elementor-id=\"1726\" class=\"elementor elementor-1726\" data-elementor-post-type=\"page\">\n\t\t\t\t\t\t\t\t\t<section class=\"elementor-section elementor-top-section elementor-element elementor-element-55ff3ed elementor-section-boxed elementor-section-height-default elementor-section-height-default\" data-id=\"55ff3ed\" data-element_type=\"section\">\n\t\t\t\t\t\t<div class=\"elementor-container elementor-column-gap-default\">\n\t\t\t\t\t<div class=\"elementor-column elementor-col-100 elementor-top-column elementor-element elementor-element-022fd91\" data-id=\"022fd91\" data-element_type=\"column\">\n\t\t\t<div class=\"elementor-widget-wrap elementor-element-populated\">\n\t\t\t\t\t\t\t\t<section class=\"elementor-section elementor-inner-section elementor-element elementor-element-0425009 elementor-section-boxed elementor-section-height-default elementor-section-height-default\" data-id=\"0425009\" data-element_type=\"section\">\n\t\t\t\t\t\t<div class=\"elementor-container elementor-column-gap-default\">\n\t\t\t\t\t<div class=\"elementor-column elementor-col-50 elementor-inner-column elementor-element elementor-element-817cb19\" data-id=\"817cb19\" data-element_type=\"column\">\n\t\t\t<div class=\"elementor-widget-wrap elementor-element-populated\">\n\t\t\t\t\t\t\t\t<div class=\"elementor-element elementor-element-0af8c94 elementor-widget elementor-widget-image\" data-id=\"0af8c94\" data-element_type=\"widget\" data-widget_type=\"image.default\">\n\t\t\t\t<div class=\"elementor-widget-container\">\n\t\t\t<style>\/*! elementor - v3.15.0 - 20-08-2023 *\/\n.elementor-widget-image{text-align:center}.elementor-widget-image a{display:inline-block}.elementor-widget-image a img[src$=\".svg\"]{width:48px}.elementor-widget-image img{vertical-align:middle;display:inline-block}<\/style>\t\t\t\t\t\t\t\t\t\t\t\t<img decoding=\"async\" loading=\"lazy\" width=\"768\" height=\"1152\" src=\"https:\/\/drenkrom.com\/wp-content\/uploads\/2025\/05\/250429-drenkrom-12-768x1152.jpg\" class=\"attachment-medium_large size-medium_large wp-image-3271\" alt=\"\" srcset=\"https:\/\/drenkrom.com\/wp-content\/uploads\/2025\/05\/250429-drenkrom-12-768x1152.jpg 768w, https:\/\/drenkrom.com\/wp-content\/uploads\/2025\/05\/250429-drenkrom-12-200x300.jpg 200w, https:\/\/drenkrom.com\/wp-content\/uploads\/2025\/05\/250429-drenkrom-12-683x1024.jpg 683w, https:\/\/drenkrom.com\/wp-content\/uploads\/2025\/05\/250429-drenkrom-12-1024x1536.jpg 1024w, https:\/\/drenkrom.com\/wp-content\/uploads\/2025\/05\/250429-drenkrom-12-1365x2048.jpg 1365w, https:\/\/drenkrom.com\/wp-content\/uploads\/2025\/05\/250429-drenkrom-12-600x900.jpg 600w, https:\/\/drenkrom.com\/wp-content\/uploads\/2025\/05\/250429-drenkrom-12-scaled.jpg 1707w\" sizes=\"(max-width: 768px) 100vw, 768px\" \/>\t\t\t\t\t\t\t\t\t\t\t\t\t\t\t<\/div>\n\t\t\t\t<\/div>\n\t\t\t\t\t<\/div>\n\t\t<\/div>\n\t\t\t\t<div class=\"elementor-column elementor-col-50 elementor-inner-column elementor-element elementor-element-212f34e\" data-id=\"212f34e\" data-element_type=\"column\">\n\t\t\t<div class=\"elementor-widget-wrap elementor-element-populated\">\n\t\t\t\t\t\t\t\t<div class=\"elementor-element elementor-element-3e0a03c elementor-widget elementor-widget-heading\" data-id=\"3e0a03c\" data-element_type=\"widget\" data-widget_type=\"heading.default\">\n\t\t\t\t<div class=\"elementor-widget-container\">\n\t\t\t<style>\/*! elementor - v3.15.0 - 20-08-2023 *\/\n.elementor-heading-title{padding:0;margin:0;line-height:1}.elementor-widget-heading .elementor-heading-title[class*=elementor-size-]>a{color:inherit;font-size:inherit;line-height:inherit}.elementor-widget-heading .elementor-heading-title.elementor-size-small{font-size:15px}.elementor-widget-heading .elementor-heading-title.elementor-size-medium{font-size:19px}.elementor-widget-heading .elementor-heading-title.elementor-size-large{font-size:29px}.elementor-widget-heading .elementor-heading-title.elementor-size-xl{font-size:39px}.elementor-widget-heading .elementor-heading-title.elementor-size-xxl{font-size:59px}<\/style><h2 class=\"elementor-heading-title elementor-size-default\">Stories &amp; Events<\/h2>\t\t<\/div>\n\t\t\t\t<\/div>\n\t\t\t\t<div class=\"elementor-element elementor-element-9b6ebf6 elementor-widget elementor-widget-text-editor\" data-id=\"9b6ebf6\" data-element_type=\"widget\" data-widget_type=\"text-editor.default\">\n\t\t\t\t<div class=\"elementor-widget-container\">\n\t\t\t<style>\/*! elementor - v3.15.0 - 20-08-2023 *\/\n.elementor-widget-text-editor.elementor-drop-cap-view-stacked .elementor-drop-cap{background-color:#69727d;color:#fff}.elementor-widget-text-editor.elementor-drop-cap-view-framed .elementor-drop-cap{color:#69727d;border:3px solid;background-color:transparent}.elementor-widget-text-editor:not(.elementor-drop-cap-view-default) .elementor-drop-cap{margin-top:8px}.elementor-widget-text-editor:not(.elementor-drop-cap-view-default) .elementor-drop-cap-letter{width:1em;height:1em}.elementor-widget-text-editor .elementor-drop-cap{float:left;text-align:center;line-height:1;font-size:50px}.elementor-widget-text-editor .elementor-drop-cap-letter{display:inline-block}<\/style>\t\t\t\t<p>Join us as we share our triumphs, challenges, and the inspiring individuals who collaborate with us to bring our vision to life. It&#8217;s not just about fashion; it&#8217;s about the people, the artistry, and the stories that make it all possible.<\/p>\t\t\t\t\t\t<\/div>\n\t\t\t\t<\/div>\n\t\t\t\t\t<\/div>\n\t\t<\/div>\n\t\t\t\t\t\t\t<\/div>\n\t\t<\/section>\n\t\t\t\t\t<\/div>\n\t\t<\/div>\n\t\t\t\t\t\t\t<\/div>\n\t\t<\/section>\n\t\t\t\t<section class=\"elementor-section elementor-top-section elementor-element elementor-element-071693c elementor-section-boxed elementor-section-height-default elementor-section-height-default\" data-id=\"071693c\" data-element_type=\"section\">\n\t\t\t\t\t\t<div class=\"elementor-container elementor-column-gap-default\">\n\t\t\t\t\t<div class=\"elementor-column elementor-col-100 elementor-top-column elementor-element elementor-element-b9566aa\" data-id=\"b9566aa\" data-element_type=\"column\">\n\t\t\t<div class=\"elementor-widget-wrap elementor-element-populated\">\n\t\t\t\t\t\t\t\t<div class=\"elementor-element elementor-element-c1d0470 elementor-grid-3 elementor-grid-tablet-2 elementor-grid-mobile-1 elementor-posts--thumbnail-top elementor-widget elementor-widget-posts\" data-id=\"c1d0470\" data-element_type=\"widget\" data-settings=\"{&quot;pagination_type&quot;:&quot;numbers&quot;,&quot;classic_columns&quot;:&quot;3&quot;,&quot;classic_columns_tablet&quot;:&quot;2&quot;,&quot;classic_columns_mobile&quot;:&quot;1&quot;,&quot;classic_row_gap&quot;:{&quot;unit&quot;:&quot;px&quot;,&quot;size&quot;:35,&quot;sizes&quot;:[]},&quot;classic_row_gap_laptop&quot;:{&quot;unit&quot;:&quot;px&quot;,&quot;size&quot;:&quot;&quot;,&quot;sizes&quot;:[]},&quot;classic_row_gap_tablet&quot;:{&quot;unit&quot;:&quot;px&quot;,&quot;size&quot;:&quot;&quot;,&quot;sizes&quot;:[]},&quot;classic_row_gap_mobile&quot;:{&quot;unit&quot;:&quot;px&quot;,&quot;size&quot;:&quot;&quot;,&quot;sizes&quot;:[]}}\" data-widget_type=\"posts.classic\">\n\t\t\t\t<div class=\"elementor-widget-container\">\n\t\t\t<link rel=\"stylesheet\" href=\"https:\/\/drenkrom.com\/wp-content\/plugins\/elementor-pro\/assets\/css\/widget-posts.min.css\">\t\t<div class=\"elementor-posts-container elementor-posts elementor-posts--skin-classic elementor-grid\">\n\t\t\t\t<article class=\"elementor-post elementor-grid-item post-4188 post type-post status-publish format-standard hentry category-blog entry owp-thumbs-layout-horizontal owp-btn-normal owp-tabs-layout-horizontal has-no-thumbnails has-product-nav\">\n\t\t\t\t<div class=\"elementor-post__text\">\n\t\t\t\t<h2 class=\"elementor-post__title\">\n\t\t\t<a href=\"https:\/\/drenkrom.com\/?p=4188\" >\n\t\t\t\tDRENKROM x Dragvolution: Queer Performance and Fashion\t\t\t<\/a>\n\t\t<\/h2>\n\t\t\t\t<div class=\"elementor-post__meta-data\">\n\t\t\t\t\t<span class=\"elementor-post-date\">\n\t\t\tMarch 12, 2026\t\t<\/span>\n\t\t\t\t<span class=\"elementor-post-avatar\">\n\t\t\tNo Comments\t\t<\/span>\n\t\t\t\t<\/div>\n\t\t\t\t<div class=\"elementor-post__excerpt\">\n\t\t\t<p>DRENKROM has always existed close to underground culture \u2014 the places where fashion, performance, and community naturally meet. One of those spaces is the drag stage. Recently, Shiva S\u2019Lake, member of the Budapest-based drag collective Dragvolution, wore a dress she made herself, with DRENKROM prints during a performance, bringing the piece to life in the way it was always meant to exist: bold, unapologetic, and on stage. We first connected with the Dragvolution crew during our Make Hungary Gay Again campaign, where fashion and activism came together in support of queer visibility. Seeing DRENKROM pieces continue their journey through performance and drag culture feels like a natural extension of that collaboration. About Dragvolution The Dragvolution collective was founded in Budapest<\/p>\n\t\t<\/div>\n\t\t\n\t\t<a class=\"elementor-post__read-more\" href=\"https:\/\/drenkrom.com\/?p=4188\" aria-label=\"Read more about DRENKROM x Dragvolution: Queer Performance and Fashion\" >\n\t\t\tRead More \u00bb\t\t<\/a>\n\n\t\t\t\t<\/div>\n\t\t\t\t<\/article>\n\t\t\t\t<article class=\"elementor-post elementor-grid-item post-4111 post type-post status-publish format-standard hentry category-blog entry owp-thumbs-layout-horizontal owp-btn-normal owp-tabs-layout-horizontal has-no-thumbnails has-product-nav\">\n\t\t\t\t<div class=\"elementor-post__text\">\n\t\t\t\t<h2 class=\"elementor-post__title\">\n\t\t\t<a href=\"https:\/\/drenkrom.com\/?p=4111\" >\n\t\t\t\tDRENKROM Valentine&#8217;s Giveaway-Our First One Ever\t\t\t<\/a>\n\t\t<\/h2>\n\t\t\t\t<div class=\"elementor-post__meta-data\">\n\t\t\t\t\t<span class=\"elementor-post-date\">\n\t\t\tFebruary 15, 2026\t\t<\/span>\n\t\t\t\t<span class=\"elementor-post-avatar\">\n\t\t\tNo Comments\t\t<\/span>\n\t\t\t\t<\/div>\n\t\t\t\t<div class=\"elementor-post__excerpt\">\n\t\t\t<p>\ud83d\udda4 We\u2019ve never done a giveaway before. Not because we didn\u2019t want to, but because DRENKROM has always been a very personal, small, hands-on project. Every piece is designed, sourced, and made with care, and for a long time, we preferred to keep things intimate and slow. But 2025 changed a lot for us. Over the last year, our community grew more than we ever expected. We met so many new people in Berlin, Budapest, and online\u2014people who wear our pieces to clubs, dates, protests, and everyday life. Seeing DRENKROM out in the world, styled in your own way, has been one of the most rewarding parts of building this brand. So we thought: why not finally do a giveaway?And<\/p>\n\t\t<\/div>\n\t\t\n\t\t<a class=\"elementor-post__read-more\" href=\"https:\/\/drenkrom.com\/?p=4111\" aria-label=\"Read more about DRENKROM Valentine&#8217;s Giveaway-Our First One Ever\" >\n\t\t\tRead More \u00bb\t\t<\/a>\n\n\t\t\t\t<\/div>\n\t\t\t\t<\/article>\n\t\t\t\t<article class=\"elementor-post elementor-grid-item post-3803 post type-post status-publish format-standard hentry category-blog tag-drenkrom tag-fashion tag-berlinfashion tag-blog entry owp-thumbs-layout-horizontal owp-btn-normal owp-tabs-layout-horizontal has-no-thumbnails has-product-nav\">\n\t\t\t\t<div class=\"elementor-post__text\">\n\t\t\t\t<h2 class=\"elementor-post__title\">\n\t\t\t<a href=\"https:\/\/drenkrom.com\/?p=3803\" >\n\t\t\t\tWhy Is DRENKROM More Expensive Than Other Upcycling Brands?\t\t\t<\/a>\n\t\t<\/h2>\n\t\t\t\t<div class=\"elementor-post__meta-data\">\n\t\t\t\t\t<span class=\"elementor-post-date\">\n\t\t\tNovember 10, 2025\t\t<\/span>\n\t\t\t\t<span class=\"elementor-post-avatar\">\n\t\t\tNo Comments\t\t<\/span>\n\t\t\t\t<\/div>\n\t\t\t\t<div class=\"elementor-post__excerpt\">\n\t\t\t<p>At DRENKROM, we often get asked why our prices are higher than many other upcycling or sustainable fashion brands. The short answer? Because every piece we create is truly one of a kind, made with care, intention, and quality from start to finish \u2014 right here in Berlin. We Handpick Every Material Our process begins long before the sewing machine starts. We carefully source and select every second-hand garment, textile scrap, or production leftover we use. We don\u2019t buy bulk \u201crecycled\u201d fabrics \u2014 we curate them. Each material is chosen for its texture, strength, and potential to transform into something new and unexpected. Everything Is Reworked in Berlin Every DRENKROM piece is reimagined and handcrafted in our Berlin studio. We<\/p>\n\t\t<\/div>\n\t\t\n\t\t<a class=\"elementor-post__read-more\" href=\"https:\/\/drenkrom.com\/?p=3803\" aria-label=\"Read more about Why Is DRENKROM More Expensive Than Other Upcycling Brands?\" >\n\t\t\tRead More \u00bb\t\t<\/a>\n\n\t\t\t\t<\/div>\n\t\t\t\t<\/article>\n\t\t\t\t<article class=\"elementor-post elementor-grid-item post-3268 post type-post status-publish format-standard hentry category-blog entry owp-thumbs-layout-horizontal owp-btn-normal owp-tabs-layout-horizontal has-no-thumbnails has-product-nav\">\n\t\t\t\t<div class=\"elementor-post__text\">\n\t\t\t\t<h2 class=\"elementor-post__title\">\n\t\t\t<a href=\"https:\/\/drenkrom.com\/?p=3268\" >\n\t\t\t\tMake Hungary Gay Again \u2013 p\u00f3l\u00f3n t\u00fal, k\u00f6z\u00f6ss\u00e9gben\t\t\t<\/a>\n\t\t<\/h2>\n\t\t\t\t<div class=\"elementor-post__meta-data\">\n\t\t\t\t\t<span class=\"elementor-post-date\">\n\t\t\tMay 15, 2025\t\t<\/span>\n\t\t\t\t<span class=\"elementor-post-avatar\">\n\t\t\tNo Comments\t\t<\/span>\n\t\t\t\t<\/div>\n\t\t\t\t<div class=\"elementor-post__excerpt\">\n\t\t\t<p>Ez a kamp\u00e1ny nem csak ruhadarabokr\u00f3l sz\u00f3l.A Make Hungary Gay Again egy \u00fczenet \u2013 egy k\u00f6z\u00f6s ki\u00e1ll\u00e1s minden LMBTQI+ ember\u00e9rt Magyarorsz\u00e1gon. A c\u00e9lunk egyszer\u0171: l\u00e1that\u00f3v\u00e1 v\u00e1lni, t\u00e1mogatni, k\u00f6z\u00f6sen felemelni a hangunkat, \u00e9s megmutatni, hogy a szeretet, a szabads\u00e1g \u00e9s az \u00f6sszetartoz\u00e1s nem lehet politikai k\u00e9rd\u00e9s. A p\u00f3l\u00f3ink nem csup\u00e1n divatcikkek.Minden egyes darab egy ki\u00e1ll\u00e1s azok mellett, akiket gyakran elhallgattatnak. A h\u00e1tukon tal\u00e1lhat\u00f3 felirat nem f\u00e9l\u0151s, nem semleges \u2013 mert mi sem vagyunk azok. \u00c9s mert nem lehet tov\u00e1bb csendben maradni. Minden eladott p\u00f3l\u00f3 nett\u00f3 bev\u00e9tel\u00e9nek 50%-\u00e1t a H\u00e1tt\u00e9r T\u00e1rsas\u00e1g kapja, akik 1995 \u00f3ta dolgoznak az LMBTQI+ emberek jogai\u00e9rt Magyarorsz\u00e1gon. \u0150k biztos\u00edtanak jogi seg\u00edts\u00e9get, ment\u00e1lis t\u00e1mogat\u00e1st, k\u00f6z\u00f6ss\u00e9gi teret \u2013 \u00e9s most a ti t\u00e1mogat\u00e1sotokkal m\u00e9g t\u00f6bbet tudnak tenni. De ez a<\/p>\n\t\t<\/div>\n\t\t\n\t\t<a class=\"elementor-post__read-more\" href=\"https:\/\/drenkrom.com\/?p=3268\" aria-label=\"Read more about Make Hungary Gay Again \u2013 p\u00f3l\u00f3n t\u00fal, k\u00f6z\u00f6ss\u00e9gben\" >\n\t\t\tRead More \u00bb\t\t<\/a>\n\n\t\t\t\t<\/div>\n\t\t\t\t<\/article>\n\t\t\t\t<article class=\"elementor-post elementor-grid-item post-2547 post type-post status-publish format-standard hentry category-blog entry owp-thumbs-layout-horizontal owp-btn-normal owp-tabs-layout-horizontal has-no-thumbnails has-product-nav\">\n\t\t\t\t<div class=\"elementor-post__text\">\n\t\t\t\t<h2 class=\"elementor-post__title\">\n\t\t\t<a href=\"https:\/\/drenkrom.com\/?p=2547\" >\n\t\t\t\tDRENKROM X DOLLITTA\t\t\t<\/a>\n\t\t<\/h2>\n\t\t\t\t<div class=\"elementor-post__meta-data\">\n\t\t\t\t\t<span class=\"elementor-post-date\">\n\t\t\tJuly 19, 2024\t\t<\/span>\n\t\t\t\t<span class=\"elementor-post-avatar\">\n\t\t\tNo Comments\t\t<\/span>\n\t\t\t\t<\/div>\n\t\t\t\t<div class=\"elementor-post__excerpt\">\n\t\t\t<p>Sustainable Fashion at Its Best! At DRENKROM, we believe in the power of collaboration to drive innovation and promote sustainability in the fashion industry. That\u2019s why we\u2019re excited to announce our latest partnership with Dollitta, a brand that shares our commitment to using discarded materials and hardware to create stunning, eco-friendly pieces. This collaboration brings together the unique strengths of both brands, resulting in a collection that is as stylish as it is sustainable. A Shared Vision DRENKROM and Dollitta are united by a shared vision of transforming the fashion landscape. Both brands are dedicated to upcycling and repurposing materials that would otherwise go to waste. By doing so, we not only reduce our environmental footprint but also create unique,<\/p>\n\t\t<\/div>\n\t\t\n\t\t<a class=\"elementor-post__read-more\" href=\"https:\/\/drenkrom.com\/?p=2547\" aria-label=\"Read more about DRENKROM X DOLLITTA\" >\n\t\t\tRead More \u00bb\t\t<\/a>\n\n\t\t\t\t<\/div>\n\t\t\t\t<\/article>\n\t\t\t\t<article class=\"elementor-post elementor-grid-item post-2362 post type-post status-publish format-standard hentry category-blog category-egyeb tag-fashion tag-angel tag-vorn-academy entry owp-thumbs-layout-horizontal owp-btn-normal owp-tabs-layout-horizontal has-no-thumbnails has-product-nav\">\n\t\t\t\t<div class=\"elementor-post__text\">\n\t\t\t\t<h2 class=\"elementor-post__title\">\n\t\t\t<a href=\"https:\/\/drenkrom.com\/?p=2362\" >\n\t\t\t\tBerlin Fashion Week\t\t\t<\/a>\n\t\t<\/h2>\n\t\t\t\t<div class=\"elementor-post__meta-data\">\n\t\t\t\t\t<span class=\"elementor-post-date\">\n\t\t\tFebruary 4, 2024\t\t<\/span>\n\t\t\t\t<span class=\"elementor-post-avatar\">\n\t\t\tNo Comments\t\t<\/span>\n\t\t\t\t<\/div>\n\t\t\t\t<div class=\"elementor-post__excerpt\">\n\t\t\t<p>As the designer behind Drenkrom, participating in Berlin Fashion Week was not just an opportunity to showcase a signature look, but a momentous occasion to redefine the very essence of luxury in fashion. The Vorn Academy Showcase centered around the themes of circularity and luxury, provided the perfect platform for us to unveil our vision to the world. At the heart of our showcase was an angelic ensemble unlike any other\u2014a creation that not only embodies sexiness and desire but also carried a powerful message of sustainability and innovation. Crafted from a unique blend of materials including latex production waste, hardware, coat hangers, and deadstock tulle, this angel look represented a bold departure from traditional haute couture. For us at<\/p>\n\t\t<\/div>\n\t\t\n\t\t<a class=\"elementor-post__read-more\" href=\"https:\/\/drenkrom.com\/?p=2362\" aria-label=\"Read more about Berlin Fashion Week\" >\n\t\t\tRead More \u00bb\t\t<\/a>\n\n\t\t\t\t<\/div>\n\t\t\t\t<\/article>\n\t\t\t\t<\/div>\n\t\t\n\t\t\t\t<div class=\"e-load-more-anchor\" data-page=\"1\" data-max-page=\"3\" data-next-page=\"https:\/\/drenkrom.com\/index.php?rest_route=%2Fwp%2Fv2%2Fpages%2F1726&#038;paged=2\"><\/div>\n\t\t\t\t<nav class=\"elementor-pagination\" aria-label=\"Pagination\">\n\t\t\t<span aria-current=\"page\" class=\"page-numbers current\"><span class=\"elementor-screen-only\">Page<\/span>1<\/span>\n<a class=\"page-numbers\" href=\"https:\/\/drenkrom.com\/index.php\/?paged=2&#038;rest_route=%2Fwp%2Fv2%2Fpages%2F1726\"><span class=\"elementor-screen-only\">Page<\/span>2<\/a>\n<a class=\"page-numbers\" href=\"https:\/\/drenkrom.com\/index.php\/?paged=3&#038;rest_route=%2Fwp%2Fv2%2Fpages%2F1726\"><span class=\"elementor-screen-only\">Page<\/span>3<\/a>\t\t<\/nav>\n\t\t\t\t<\/div>\n\t\t\t\t<\/div>\n\t\t\t\t\t<\/div>\n\t\t<\/div>\n\t\t\t\t\t\t\t<\/div>\n\t\t<\/section>\n\t\t\t\t\t\t\t<\/div>\n\t\t","protected":false},"excerpt":{"rendered":"<p>Stories &amp; Events Join us as we share our triumphs, challenges, and the inspiring individuals who collaborate with us to bring our vision to life. It&#8217;s not just about fashion; it&#8217;s about the people, the artistry, and the stories that make it all possible.<\/p>\n","protected":false},"author":1,"featured_media":0,"parent":0,"menu_order":0,"comment_status":"closed","ping_status":"closed","template":"","meta":{"jetpack_post_was_ever_published":false,"footnotes":""},"_links":{"self":[{"href":"https:\/\/drenkrom.com\/index.php?rest_route=\/wp\/v2\/pages\/1726"}],"collection":[{"href":"https:\/\/drenkrom.com\/index.php?rest_route=\/wp\/v2\/pages"}],"about":[{"href":"https:\/\/drenkrom.com\/index.php?rest_route=\/wp\/v2\/types\/page"}],"author":[{"embeddable":true,"href":"https:\/\/drenkrom.com\/index.php?rest_route=\/wp\/v2\/users\/1"}],"replies":[{"embeddable":true,"href":"https:\/\/drenkrom.com\/index.php?rest_route=%2Fwp%2Fv2%2Fcomments&post=1726"}],"version-history":[{"count":34,"href":"https:\/\/drenkrom.com\/index.php?rest_route=\/wp\/v2\/pages\/1726\/revisions"}],"predecessor-version":[{"id":4212,"href":"https:\/\/drenkrom.com\/index.php?rest_route=\/wp\/v2\/pages\/1726\/revisions\/4212"}],"wp:attachment":[{"href":"https:\/\/drenkrom.com\/index.php?rest_route=%2Fwp%2Fv2%2Fmedia&parent=1726"}],"curies":[{"name":"wp","href":"https:\/\/api.w.org\/{rel}","templated":true}]}}